{"id":9483,"date":"2022-01-30T20:51:33","date_gmt":"2022-01-30T23:51:33","guid":{"rendered":"https:\/\/ddwb.com.br\/blog\/?page_id=9483"},"modified":"2022-10-07T17:01:54","modified_gmt":"2022-10-07T20:01:54","slug":"materiais-de-marketing-digital","status":"publish","type":"page","link":"https:\/\/ddwb.com.br\/blog\/materiais-de-marketing-digital\/","title":{"rendered":"Materiais de Marketing Digital e Inbound &#8211; Ag\u00eancia de Marketing Digital"},"content":{"rendered":"<style>\/*! elementor - v3.5.3 - 28-12-2021 *\/<br \/>\n.elementor-heading-title{padding:0;margin:0;line-height:1}.elementor-widget-heading .elementor-heading-title[class*=elementor-size-]>a{color:inherit;font-size:inherit;line-height:inherit}.elementor-widget-heading .elementor-heading-title.elementor-size-small{font-size:15px}.elementor-widget-heading .elementor-heading-title.elementor-size-medium{font-size:19px}.elementor-widget-heading .elementor-heading-title.elementor-size-large{font-size:29px}.elementor-widget-heading .elementor-heading-title.elementor-size-xl{font-size:39px}.elementor-widget-heading .elementor-heading-title.elementor-size-xxl{font-size:59px}<\/style>\n<h1>MATERIAIS DE MARKETING DIGITAL<\/h1>\n<p>O objetivo da DDWB \u00e9 ajudar voc\u00ea. Com isso em mente, deixamos aqui os mais diversos materiais sobre Marketing Digital de maneira gratuita.<\/p>\n<p>Baixe \u00e0 vontade!<\/p>\n<style>\/*! elementor - v3.5.3 - 28-12-2021 *\/<br \/>\n.elementor-widget-image{text-align:center}.elementor-widget-image a{display:inline-block}.elementor-widget-image a img[src$=\".svg\"]{width:48px}.elementor-widget-image img{vertical-align:middle;display:inline-block}<\/style>\n<p><a href=\"https:\/\/materiais.ddwb.com.br\/guia-pratico-de-identidade-visual-para-clinicas-medicas\" target=\"_blank\" rel=\"noopener\"><br \/>\n<img decoding=\"async\" title=\"guia-completo\" src=\"https:\/\/ddwb.com.br\/blog\/wp-content\/uploads\/elementor\/thumbs\/guia-completo-pjszv8b1bjm2v81sf0txg0bzq40mh466s2hefo31ts.jpg\" alt=\"guia-completo\" \/> <\/a><\/p>\n<h4><a href=\"https:\/\/materiais.ddwb.com.br\/guia-pratico-de-identidade-visual-para-clinicas-medicas\" target=\"_blank\" rel=\"noopener\">E-Book: Guia completo sobre customer experience<\/a><\/h4>\n<p><a role=\"button\" href=\"https:\/\/materiais.ddwb.com.br\/guia-pratico-de-identidade-visual-para-clinicas-medicas\" target=\"_blank\" rel=\"noopener\"><br \/>\nBAIXAR AGORA<br \/>\n<\/a><br \/>\n<a href=\"https:\/\/materiais.ddwb.com.br\/guia-pratico-de-identidade-visual-para-clinicas-medicas\" target=\"_blank\" rel=\"noopener\"><br \/>\n<img decoding=\"async\" title=\"alinhar-marketing\" src=\"https:\/\/ddwb.com.br\/blog\/wp-content\/uploads\/elementor\/thumbs\/alinhar-marketing-pjszv6fcxvji804iq00ob0t2jc9w1pyq3t6fh45u68.jpg\" alt=\"alinhar-marketing\" \/> <\/a><\/p>\n<h4><a href=\"https:\/\/materiais.ddwb.com.br\/guia-pratico-de-identidade-visual-para-clinicas-medicas\" target=\"_blank\" rel=\"noopener\">E-Book: Manual pr\u00e1tico para alinhar marketing e vendas sem cometer erros.<\/a><\/h4>\n<p><a role=\"button\" href=\"https:\/\/materiais.ddwb.com.br\/guia-pratico-de-identidade-visual-para-clinicas-medicas\" target=\"_blank\" rel=\"noopener\"><br \/>\nBAIXAR AGORA<br \/>\n<\/a><br \/>\n<a href=\"https:\/\/materiais.ddwb.com.br\/guia-pratico-de-identidade-visual-para-clinicas-medicas\" target=\"_blank\" rel=\"noopener\"><br \/>\n<img decoding=\"async\" title=\"identidade-visual\" src=\"https:\/\/ddwb.com.br\/blog\/wp-content\/uploads\/elementor\/thumbs\/identidade-visual-1-pjt670j1i7fkdd6ibhf7oj1a3larskgi3htd5mchz4.jpg\" alt=\"identidade-visual\" \/> <\/a><\/p>\n<h4><a href=\"https:\/\/materiais.ddwb.com.br\/guia-pratico-de-identidade-visual-para-clinicas-medicas\" target=\"_blank\" rel=\"noopener\">E-Book: Guia completo sobre customer experience<\/a><\/h4>\n<p><a role=\"button\" href=\"https:\/\/materiais.ddwb.com.br\/guia-pratico-de-identidade-visual-para-clinicas-medicas\" target=\"_blank\" rel=\"noopener\"><br \/>\nBAIXAR AGORA<br \/>\n<\/a><br \/>\n<a href=\"https:\/\/materiais.ddwb.com.br\/direct-to-consumer-como-usar-essa-estrategia-para-gerar-mais-vendas-no-e-commerce\" target=\"_blank\" rel=\"noopener\"><br \/>\n<img decoding=\"async\" title=\"director-to-consumer\" src=\"https:\/\/ddwb.com.br\/blog\/wp-content\/uploads\/elementor\/thumbs\/director-to-consumer-pjszuzuhm1ahyqe2sf6abkgudn6bju8lqwm146flds.jpg\" alt=\"director-to-consumer\" \/> <\/a><\/p>\n<h4><a href=\"https:\/\/materiais.ddwb.com.br\/direct-to-consumer-como-usar-essa-estrategia-para-gerar-mais-vendas-no-e-commerce\" target=\"_blank\" rel=\"noopener\">E-Book: Direct to consumer: como usar essa estrat\u00e9gia para gerar mais vendas no e-commerce<\/a><\/h4>\n<p><a role=\"button\" href=\"https:\/\/materiais.ddwb.com.br\/direct-to-consumer-como-usar-essa-estrategia-para-gerar-mais-vendas-no-e-commerce\" target=\"_blank\" rel=\"noopener\"><br \/>\nBAIXAR AGORA<br \/>\n<\/a><br \/>\n<a href=\"https:\/\/materiais.ddwb.com.br\/ebook-planejamento-de-marketing-digital-como-nao-desperdicar-dinheiro\" target=\"_blank\" rel=\"noopener\"><br \/>\n<img decoding=\"async\" title=\"planejamento-de-marketing\" src=\"https:\/\/ddwb.com.br\/blog\/wp-content\/uploads\/elementor\/thumbs\/planejamento-de-marketing-pjszuw34up5coajjedjs1lf003oup1toee0372l62o.jpg\" alt=\"planejamento-de-marketing\" \/> <\/a><\/p>\n<h4><a href=\"https:\/\/materiais.ddwb.com.br\/ebook-planejamento-de-marketing-digital-como-nao-desperdicar-dinheiro\" target=\"_blank\" rel=\"noopener\">E-Book: Planejamento de Marketing Digital: Como n\u00e3o desperdi\u00e7ar dinheiro?<\/a><\/h4>\n<p><a role=\"button\" href=\"https:\/\/materiais.ddwb.com.br\/ebook-planejamento-de-marketing-digital-como-nao-desperdicar-dinheiro\" target=\"_blank\" rel=\"noopener\"><br \/>\nBAIXAR AGORA<br \/>\n<\/a><br \/>\n<a href=\"https:\/\/materiais.ddwb.com.br\/ebook-guia-completo-para-seu-restaurante-oferecer-o-melhor-atendimento-da-cidade\" target=\"_blank\" rel=\"noopener\"><br \/>\n<img decoding=\"async\" title=\"guia-completo-restaurantes\" src=\"https:\/\/ddwb.com.br\/blog\/wp-content\/uploads\/elementor\/thumbs\/guia-completo-restaurantes-pjszuu7gh12s12m9pcqiwlw2tby49nm7q4p48inyf4.jpg\" alt=\"guia-completo-restaurantes\" \/> <\/a><\/p>\n<h4><a href=\"https:\/\/materiais.ddwb.com.br\/ebook-guia-completo-para-seu-restaurante-oferecer-o-melhor-atendimento-da-cidade\" target=\"_blank\" rel=\"noopener\">E-Book: Guia Completo para Seu Restaurante Oferecer o Melhor Atendimento da Cidade<\/a><\/h4>\n<p><a role=\"button\" href=\"https:\/\/materiais.ddwb.com.br\/ebook-guia-completo-para-seu-restaurante-oferecer-o-melhor-atendimento-da-cidade\" target=\"_blank\" rel=\"noopener\"><br \/>\nBAIXAR AGORA<br \/>\n<\/a><br \/>\n<a href=\"https:\/\/materiais.ddwb.com.br\/ebook-machine-learning-para-potencializar-as-campanhas-de-google-adwords\" target=\"_blank\" rel=\"noopener\"><br \/>\n<img decoding=\"async\" title=\"machine-learning\" src=\"https:\/\/ddwb.com.br\/blog\/wp-content\/uploads\/elementor\/thumbs\/machine-learning-pjszu3vz5o2qzzohz1cyysj66jjua4pqaifisrqz9c.jpg\" alt=\"machine-learning\" \/> <\/a><\/p>\n<h4><a href=\"https:\/\/materiais.ddwb.com.br\/ebook-machine-learning-para-potencializar-as-campanhas-de-google-adwords\" target=\"_blank\" rel=\"noopener\">E-Book: Machine Learning para potencializar as campanhas de Google AdWords<\/a><\/h4>\n<p><a role=\"button\" href=\"https:\/\/materiais.ddwb.com.br\/ebook-machine-learning-para-potencializar-as-campanhas-de-google-adwords\" target=\"_blank\" rel=\"noopener\"><br \/>\nBAIXAR AGORA<br \/>\n<\/a><br \/>\n<a href=\"http:\/\/ddwb.rds.land\/guia-definitivo-de-marketing-digital-para-seu-restaurante\" target=\"_blank\" rel=\"noopener\"><br \/>\n<img decoding=\"async\" title=\"guia-definitivo-restaurante\" src=\"https:\/\/ddwb.com.br\/blog\/wp-content\/uploads\/elementor\/thumbs\/guia-definitivo-restaurante-pjszu5rnjc5bn7lro2683s23dbakpix6yrqhrbo6ww.jpg\" alt=\"guia-definitivo-restaurante\" \/> <\/a><\/p>\n<h4><a href=\"http:\/\/ddwb.rds.land\/guia-definitivo-de-marketing-digital-para-seu-restaurante\" target=\"_blank\" rel=\"noopener\">E-Book: Guia definitivo do marketing digital para restaurante!<\/a><\/h4>\n<p><a role=\"button\" href=\"http:\/\/ddwb.rds.land\/guia-definitivo-de-marketing-digital-para-seu-restaurante\" target=\"_blank\" rel=\"noopener\"><br \/>\nBAIXAR AGORA<br \/>\n<\/a><br \/>\n<a href=\"https:\/\/materiais.ddwb.com.br\/ebook-marketing-de-relacionamento-saiba-tudo-sobre-essa-estrategia\" target=\"_blank\" rel=\"noopener\"><br \/>\n<img decoding=\"async\" title=\"marketing-de-relacionamento\" src=\"https:\/\/ddwb.com.br\/blog\/wp-content\/uploads\/elementor\/thumbs\/marketing-de-relacionamento-pjszusbs3d07dup00bx9rmd5mk7du9er1ve59yqqrk.jpeg\" alt=\"marketing-de-relacionamento\" \/> <\/a><\/p>\n<h4><a href=\"https:\/\/materiais.ddwb.com.br\/ebook-marketing-de-relacionamento-saiba-tudo-sobre-essa-estrategia\" target=\"_blank\" rel=\"noopener\">E-Book: Marketing de Relacionamento: Saiba tudo sobre essa estrat\u00e9gia!<\/a><\/h4>\n<p><a role=\"button\" href=\"https:\/\/materiais.ddwb.com.br\/ebook-marketing-de-relacionamento-saiba-tudo-sobre-essa-estrategia\" target=\"_blank\" rel=\"noopener\"><br \/>\nBAIXAR AGORA<br \/>\n<\/a><br \/>\n<a href=\"http:\/\/materiais.ddwb.com.br\/ebook-tudo-o-que-voce-precisa-saber-sobre-leads-para-o-seu-e-commerce\" target=\"_blank\" rel=\"noopener\"><br \/>\n<img decoding=\"async\" title=\"ecommerce\" src=\"https:\/\/ddwb.com.br\/blog\/wp-content\/uploads\/elementor\/thumbs\/ecommerce-pjszumoqycshg6x6x9hicnse28z6k2sd13h8eaz3sw.jpeg\" alt=\"ecommerce\" \/> <\/a><\/p>\n<h4><a href=\"http:\/\/materiais.ddwb.com.br\/ebook-tudo-o-que-voce-precisa-saber-sobre-leads-para-o-seu-e-commerce\" target=\"_blank\" rel=\"noopener\">E-Book: Guia: Tudo o que voc\u00ea precisa saber sobre leads para o seu e-commerce<\/a><\/h4>\n<p><a role=\"button\" href=\"http:\/\/materiais.ddwb.com.br\/ebook-tudo-o-que-voce-precisa-saber-sobre-leads-para-o-seu-e-commerce\" target=\"_blank\" rel=\"noopener\"><br \/>\nBAIXAR AGORA<br \/>\n<\/a><br \/>\n<a href=\"http:\/\/materiais.ddwb.com.br\/ebook-ddwb-como-calcular-roi\" target=\"_blank\" rel=\"noopener\"><br \/>\n<img decoding=\"async\" title=\"retorno-sobre-investimento\" src=\"https:\/\/ddwb.com.br\/blog\/wp-content\/uploads\/elementor\/thumbs\/retorno-sobre-investimento-pjt0p1qq4cfj5wqkawtvjhge451sngjnjnhwhnvgg0.jpg\" alt=\"retorno-sobre-investimento\" \/> <\/a><\/p>\n<h4><a href=\"http:\/\/materiais.ddwb.com.br\/ebook-ddwb-como-calcular-roi\" target=\"_blank\" rel=\"noopener\">E-Book: Retorno sobre investimento em m\u00eddia paga: como calcular?<\/a><\/h4>\n<p><a role=\"button\" href=\"http:\/\/materiais.ddwb.com.br\/ebook-ddwb-como-calcular-roi\" target=\"_blank\" rel=\"noopener\"><br \/>\nBAIXAR AGORA<br \/>\n<\/a><br \/>\n<a href=\"http:\/\/materiais.ddwb.com.br\/ebook-mitos-do-marketing-digital\" target=\"_blank\" rel=\"noopener\"><br \/>\n<img decoding=\"async\" title=\"mitos\" src=\"https:\/\/ddwb.com.br\/blog\/wp-content\/uploads\/elementor\/thumbs\/mitos-pjszujv8duomhd1adq9mn6i0a3d2wzh60piryh3abk.jpeg\" alt=\"mitos\" \/> <\/a><\/p>\n<h4><a href=\"http:\/\/materiais.ddwb.com.br\/ebook-mitos-do-marketing-digital\" target=\"_blank\" rel=\"noopener\">E-Book: Mitos do Marketing Digital<\/a><\/h4>\n<p><a role=\"button\" href=\"http:\/\/materiais.ddwb.com.br\/ebook-mitos-do-marketing-digital\" target=\"_blank\" rel=\"noopener\"><br \/>\nBAIXAR AGORA<br \/>\n<\/a><br \/>\n<a href=\"https:\/\/materiais.ddwb.com.br\/guia-como-aumentar-as-vendas-com-o-marketing-digital\" target=\"_blank\" rel=\"noopener\"><br \/>\n<img decoding=\"async\" title=\"guia\" src=\"https:\/\/ddwb.com.br\/blog\/wp-content\/uploads\/elementor\/thumbs\/guia-pjszuhzk06m1u540opgdi6z33bmchl9pcg7szx62o0.jpeg\" alt=\"guia\" \/> <\/a><\/p>\n<h4><a href=\"https:\/\/materiais.ddwb.com.br\/guia-como-aumentar-as-vendas-com-o-marketing-digital\" target=\"_blank\" rel=\"noopener\">E-Book: Guia: Como aumentar as vendas com o Marketing Digital<\/a><\/h4>\n<p><a role=\"button\" href=\"https:\/\/materiais.ddwb.com.br\/guia-como-aumentar-as-vendas-com-o-marketing-digital\" target=\"_blank\" rel=\"noopener\"><br \/>\nBAIXAR AGORA<br \/>\n<\/a><br \/>\n<a href=\"https:\/\/materiais.ddwb.com.br\/ebook-anuncios-na-internet-conheca-as-principais-modalidades\" target=\"_blank\" rel=\"noopener\"><br \/>\n<img decoding=\"async\" title=\"ebook-anuncios-na-internet\" src=\"https:\/\/ddwb.com.br\/blog\/wp-content\/uploads\/elementor\/thumbs\/ebook-anuncios-na-internet-pjszug3vmijh6x6qzon4d7g5wjvm2728o6wu1d8v0g.jpeg\" alt=\"ebook-anuncios-na-internet\" \/> <\/a><\/p>\n<h4><a href=\"https:\/\/materiais.ddwb.com.br\/ebook-anuncios-na-internet-conheca-as-principais-modalidades\" target=\"_blank\" rel=\"noopener\">E-Book: An\u00fancios na Internet: Conhe\u00e7a as Principais Modalidades<\/a><\/h4>\n<p><a role=\"button\" href=\"https:\/\/materiais.ddwb.com.br\/ebook-anuncios-na-internet-conheca-as-principais-modalidades\" target=\"_blank\" rel=\"noopener\"><br \/>\nBAIXAR AGORA<br \/>\n<\/a><br \/>\n<a href=\"https:\/\/materiais.ddwb.com.br\/ebook-guia-para-fazer-apresentacoes-de-sucesso\" target=\"_blank\" rel=\"noopener\"><br \/>\n<img decoding=\"async\" title=\"ebook-guia-de-apresentacoes\" src=\"https:\/\/ddwb.com.br\/blog\/wp-content\/uploads\/elementor\/thumbs\/ebook-guia-de-apresentacoes-pjszuf61foi6vb84568hspopb608uhyic29ck3a96o.jpeg\" alt=\"ebook-guia-de-apresentacoes\" \/> <\/a><\/p>\n<h4><a href=\"https:\/\/materiais.ddwb.com.br\/ebook-guia-para-fazer-apresentacoes-de-sucesso\" target=\"_blank\" rel=\"noopener\">E-Book: Guia para Fazer Apresenta\u00e7\u00f5es de Sucesso!<\/a><\/h4>\n<p><a role=\"button\" href=\"https:\/\/materiais.ddwb.com.br\/ebook-guia-para-fazer-apresentacoes-de-sucesso\" target=\"_blank\" rel=\"noopener\"><br \/>\nBAIXAR AGORA<br \/>\n<\/a><br \/>\n<a href=\"https:\/\/materiais.ddwb.com.br\/ebook-landing-pages-na-pratica\" target=\"_blank\" rel=\"noopener\"><br \/>\n<img decoding=\"async\" title=\"landing-pages\" src=\"https:\/\/ddwb.com.br\/blog\/wp-content\/uploads\/elementor\/thumbs\/landing-pages-pjszudad20fm83aug5f8nq5s4e9if3r1nsydljd1j4.jpeg\" alt=\"landing-pages\" \/> <\/a><\/p>\n<h4><a href=\"https:\/\/materiais.ddwb.com.br\/ebook-landing-pages-na-pratica\" target=\"_blank\" rel=\"noopener\">E-Book: Landing Pages na Pr\u00e1tica<\/a><\/h4>\n<p><a role=\"button\" href=\"https:\/\/materiais.ddwb.com.br\/ebook-landing-pages-na-pratica\" target=\"_blank\" rel=\"noopener\"><br \/>\nBAIXAR AGORA<br \/>\n<\/a><br \/>\n<a href=\"https:\/\/materiais.ddwb.com.br\/ebook-kpis-essenciais-para-o-seu-negocio\" target=\"_blank\" rel=\"noopener\"><br \/>\n<img decoding=\"async\" title=\"7-kpis\" src=\"https:\/\/ddwb.com.br\/blog\/wp-content\/uploads\/elementor\/thumbs\/7-kpis-pjszubeoocd1kvdkr4lziqmuxmirzpjkzjnemzftvk.jpeg\" alt=\"7-kpis\" \/> <\/a><\/p>\n<h4><a href=\"https:\/\/materiais.ddwb.com.br\/ebook-kpis-essenciais-para-o-seu-negocio\" target=\"_blank\" rel=\"noopener\">E-Book: 7 KPI\u2019s essenciais para Analisar o sucesso do seu neg\u00f3cio<\/a><\/h4>\n<p><a role=\"button\" href=\"https:\/\/materiais.ddwb.com.br\/ebook-kpis-essenciais-para-o-seu-negocio\" target=\"_blank\" rel=\"noopener\"><br \/>\nBAIXAR AGORA<br \/>\n<\/a><br \/>\n<a href=\"http:\/\/materiais.ddwb.com.br\/ebook-storytelling-como-criar-conteudos-para-engajar-e-converter-mais-leads\" target=\"_blank\" rel=\"noopener\"><br \/>\n<img decoding=\"async\" title=\"storytelling\" src=\"https:\/\/ddwb.com.br\/blog\/wp-content\/uploads\/elementor\/thumbs\/storytelling-pjszu9j0aoagxngb23sqdr3xqus1kbc4bacfofim80.jpeg\" alt=\"storytelling\" \/> <\/a><\/p>\n<h4><a href=\"http:\/\/materiais.ddwb.com.br\/ebook-storytelling-como-criar-conteudos-para-engajar-e-converter-mais-leads\" target=\"_blank\" rel=\"noopener\">E-Book: Storytelling: Como criar conte\u00fados para engajar e converter mais leads!<\/a><\/h4>\n<p><a role=\"button\" href=\"http:\/\/materiais.ddwb.com.br\/ebook-storytelling-como-criar-conteudos-para-engajar-e-converter-mais-leads\" target=\"_blank\" rel=\"noopener\"><br \/>\nBAIXAR AGORA<br \/>\n<\/a><br \/>\n<a href=\"http:\/\/materiais.ddwb.com.br\/ebook-o-guia-de-seo-para-voce-potencializar-os-seus-resultados\" target=\"_blank\" rel=\"noopener\"><br \/>\n<img decoding=\"async\" title=\"guia-de-seo\" src=\"https:\/\/ddwb.com.br\/blog\/wp-content\/uploads\/elementor\/thumbs\/guia-de-seo-pjszu7nbx07wafj1d2zh8rl0k31b4x4nn11gpvlekg.jpeg\" alt=\"guia-de-seo\" \/> <\/a><\/p>\n<h4><a href=\"http:\/\/materiais.ddwb.com.br\/ebook-o-guia-de-seo-para-voce-potencializar-os-seus-resultados\" target=\"_blank\" rel=\"noopener\">E-Book: O guia de SEO para voc\u00ea potencializar os seus resultados<\/a><\/h4>\n<p><a role=\"button\" href=\"http:\/\/materiais.ddwb.com.br\/ebook-o-guia-de-seo-para-voce-potencializar-os-seus-resultados\" target=\"_blank\" rel=\"noopener\"><br \/>\nBAIXAR AGORA<br \/>\n<\/a><\/p>\n","protected":false},"excerpt":{"rendered":"<p>MATERIAIS DE MARKETING DIGITAL O objetivo da DDWB \u00e9 ajudar voc\u00ea. Com isso em mente, deixamos aqui os mais diversos materiais sobre Marketing Digital de maneira gratuita. Baixe \u00e0 vontade! E-Book: Guia completo sobre customer experience BAIXAR AGORA E-Book: Manual pr\u00e1tico para alinhar marketing e vendas sem cometer erros. BAIXAR AGORA E-Book: Guia completo sobre [&hellip;]<\/p>\n","protected":false},"author":1,"featured_media":0,"parent":0,"menu_order":0,"comment_status":"closed","ping_status":"closed","template":"","meta":{"footnotes":""},"yoast_head":"<!-- This site is optimized with the Yoast SEO plugin v22.7 - https:\/\/yoast.com\/wordpress\/plugins\/seo\/ -->\n<title>Materiais de Marketing Digital: Saiba suas novidades e t\u00e9cnicas<\/title>\n<meta name=\"description\" content=\"Aprenda por fundo sobre o marketing digital e saiba como utilizar para colocar seu neg\u00f3cio na frente dos concorrentes.\" \/>\n<meta name=\"robots\" content=\"index, follow, max-snippet:-1, max-image-preview:large, max-video-preview:-1\" \/>\n<link rel=\"canonical\" href=\"https:\/\/ddwb.com.br\/blog\/materiais-de-marketing-digital\/\" \/>\n<meta property=\"og:locale\" content=\"pt_BR\" \/>\n<meta property=\"og:type\" content=\"article\" \/>\n<meta property=\"og:title\" content=\"Materiais de Marketing Digital: Saiba suas novidades e t\u00e9cnicas\" \/>\n<meta property=\"og:description\" content=\"Aprenda por fundo sobre o marketing digital e saiba como utilizar para colocar seu neg\u00f3cio na frente dos concorrentes.\" \/>\n<meta property=\"og:url\" content=\"https:\/\/ddwb.com.br\/blog\/materiais-de-marketing-digital\/\" \/>\n<meta property=\"og:site_name\" content=\"Blog de Marketing Digital, Inbound e Performance | DDWB Ag\u00eancia\" \/>\n<meta property=\"article:modified_time\" content=\"2022-10-07T20:01:54+00:00\" \/>\n<meta property=\"og:image\" content=\"https:\/\/ddwb.com.br\/blog\/wp-content\/uploads\/elementor\/thumbs\/guia-completo-pjszv8b1bjm2v81sf0txg0bzq40mh466s2hefo31ts.jpg\" \/>\n<meta name=\"twitter:card\" content=\"summary_large_image\" \/>\n<meta name=\"twitter:label1\" content=\"Est. tempo de leitura\" \/>\n\t<meta name=\"twitter:data1\" content=\"6 minutos\" \/>\n<script type=\"application\/ld+json\" class=\"yoast-schema-graph\">{\"@context\":\"https:\/\/schema.org\",\"@graph\":[{\"@type\":\"WebPage\",\"@id\":\"https:\/\/ddwb.com.br\/blog\/materiais-de-marketing-digital\/\",\"url\":\"https:\/\/ddwb.com.br\/blog\/materiais-de-marketing-digital\/\",\"name\":\"Materiais de Marketing Digital: Saiba suas novidades e t\u00e9cnicas\",\"isPartOf\":{\"@id\":\"https:\/\/ddwb.com.br\/blog\/#website\"},\"primaryImageOfPage\":{\"@id\":\"https:\/\/ddwb.com.br\/blog\/materiais-de-marketing-digital\/#primaryimage\"},\"image\":{\"@id\":\"https:\/\/ddwb.com.br\/blog\/materiais-de-marketing-digital\/#primaryimage\"},\"thumbnailUrl\":\"https:\/\/ddwb.com.br\/blog\/wp-content\/uploads\/elementor\/thumbs\/guia-completo-pjszv8b1bjm2v81sf0txg0bzq40mh466s2hefo31ts.jpg\",\"datePublished\":\"2022-01-30T23:51:33+00:00\",\"dateModified\":\"2022-10-07T20:01:54+00:00\",\"description\":\"Aprenda por fundo sobre o marketing digital e saiba como utilizar para colocar seu neg\u00f3cio na frente dos concorrentes.\",\"breadcrumb\":{\"@id\":\"https:\/\/ddwb.com.br\/blog\/materiais-de-marketing-digital\/#breadcrumb\"},\"inLanguage\":\"pt-BR\",\"potentialAction\":[{\"@type\":\"ReadAction\",\"target\":[\"https:\/\/ddwb.com.br\/blog\/materiais-de-marketing-digital\/\"]}]},{\"@type\":\"ImageObject\",\"inLanguage\":\"pt-BR\",\"@id\":\"https:\/\/ddwb.com.br\/blog\/materiais-de-marketing-digital\/#primaryimage\",\"url\":\"https:\/\/ddwb.com.br\/blog\/wp-content\/uploads\/elementor\/thumbs\/guia-completo-pjszv8b1bjm2v81sf0txg0bzq40mh466s2hefo31ts.jpg\",\"contentUrl\":\"https:\/\/ddwb.com.br\/blog\/wp-content\/uploads\/elementor\/thumbs\/guia-completo-pjszv8b1bjm2v81sf0txg0bzq40mh466s2hefo31ts.jpg\"},{\"@type\":\"BreadcrumbList\",\"@id\":\"https:\/\/ddwb.com.br\/blog\/materiais-de-marketing-digital\/#breadcrumb\",\"itemListElement\":[{\"@type\":\"ListItem\",\"position\":1,\"name\":\"In\u00edcio\",\"item\":\"https:\/\/ddwb.com.br\/blog\/\"},{\"@type\":\"ListItem\",\"position\":2,\"name\":\"Materiais de Marketing Digital e Inbound &#8211; Ag\u00eancia de Marketing Digital\"}]},{\"@type\":\"WebSite\",\"@id\":\"https:\/\/ddwb.com.br\/blog\/#website\",\"url\":\"https:\/\/ddwb.com.br\/blog\/\",\"name\":\"Blog de Marketing Digital, Inbound e Performance | DDWB Ag\u00eancia\",\"description\":\"\",\"potentialAction\":[{\"@type\":\"SearchAction\",\"target\":{\"@type\":\"EntryPoint\",\"urlTemplate\":\"https:\/\/ddwb.com.br\/blog\/?s={search_term_string}\"},\"query-input\":\"required name=search_term_string\"}],\"inLanguage\":\"pt-BR\"}]}<\/script>\n<!-- \/ Yoast SEO plugin. -->","yoast_head_json":{"title":"Materiais de Marketing Digital: Saiba suas novidades e t\u00e9cnicas","description":"Aprenda por fundo sobre o marketing digital e saiba como utilizar para colocar seu neg\u00f3cio na frente dos concorrentes.","robots":{"index":"index","follow":"follow","max-snippet":"max-snippet:-1","max-image-preview":"max-image-preview:large","max-video-preview":"max-video-preview:-1"},"canonical":"https:\/\/ddwb.com.br\/blog\/materiais-de-marketing-digital\/","og_locale":"pt_BR","og_type":"article","og_title":"Materiais de Marketing Digital: Saiba suas novidades e t\u00e9cnicas","og_description":"Aprenda por fundo sobre o marketing digital e saiba como utilizar para colocar seu neg\u00f3cio na frente dos concorrentes.","og_url":"https:\/\/ddwb.com.br\/blog\/materiais-de-marketing-digital\/","og_site_name":"Blog de Marketing Digital, Inbound e Performance | DDWB Ag\u00eancia","article_modified_time":"2022-10-07T20:01:54+00:00","og_image":[{"url":"https:\/\/ddwb.com.br\/blog\/wp-content\/uploads\/elementor\/thumbs\/guia-completo-pjszv8b1bjm2v81sf0txg0bzq40mh466s2hefo31ts.jpg"}],"twitter_card":"summary_large_image","twitter_misc":{"Est. tempo de leitura":"6 minutos"},"schema":{"@context":"https:\/\/schema.org","@graph":[{"@type":"WebPage","@id":"https:\/\/ddwb.com.br\/blog\/materiais-de-marketing-digital\/","url":"https:\/\/ddwb.com.br\/blog\/materiais-de-marketing-digital\/","name":"Materiais de Marketing Digital: Saiba suas novidades e t\u00e9cnicas","isPartOf":{"@id":"https:\/\/ddwb.com.br\/blog\/#website"},"primaryImageOfPage":{"@id":"https:\/\/ddwb.com.br\/blog\/materiais-de-marketing-digital\/#primaryimage"},"image":{"@id":"https:\/\/ddwb.com.br\/blog\/materiais-de-marketing-digital\/#primaryimage"},"thumbnailUrl":"https:\/\/ddwb.com.br\/blog\/wp-content\/uploads\/elementor\/thumbs\/guia-completo-pjszv8b1bjm2v81sf0txg0bzq40mh466s2hefo31ts.jpg","datePublished":"2022-01-30T23:51:33+00:00","dateModified":"2022-10-07T20:01:54+00:00","description":"Aprenda por fundo sobre o marketing digital e saiba como utilizar para colocar seu neg\u00f3cio na frente dos concorrentes.","breadcrumb":{"@id":"https:\/\/ddwb.com.br\/blog\/materiais-de-marketing-digital\/#breadcrumb"},"inLanguage":"pt-BR","potentialAction":[{"@type":"ReadAction","target":["https:\/\/ddwb.com.br\/blog\/materiais-de-marketing-digital\/"]}]},{"@type":"ImageObject","inLanguage":"pt-BR","@id":"https:\/\/ddwb.com.br\/blog\/materiais-de-marketing-digital\/#primaryimage","url":"https:\/\/ddwb.com.br\/blog\/wp-content\/uploads\/elementor\/thumbs\/guia-completo-pjszv8b1bjm2v81sf0txg0bzq40mh466s2hefo31ts.jpg","contentUrl":"https:\/\/ddwb.com.br\/blog\/wp-content\/uploads\/elementor\/thumbs\/guia-completo-pjszv8b1bjm2v81sf0txg0bzq40mh466s2hefo31ts.jpg"},{"@type":"BreadcrumbList","@id":"https:\/\/ddwb.com.br\/blog\/materiais-de-marketing-digital\/#breadcrumb","itemListElement":[{"@type":"ListItem","position":1,"name":"In\u00edcio","item":"https:\/\/ddwb.com.br\/blog\/"},{"@type":"ListItem","position":2,"name":"Materiais de Marketing Digital e Inbound &#8211; Ag\u00eancia de Marketing Digital"}]},{"@type":"WebSite","@id":"https:\/\/ddwb.com.br\/blog\/#website","url":"https:\/\/ddwb.com.br\/blog\/","name":"Blog de Marketing Digital, Inbound e Performance | DDWB Ag\u00eancia","description":"","potentialAction":[{"@type":"SearchAction","target":{"@type":"EntryPoint","urlTemplate":"https:\/\/ddwb.com.br\/blog\/?s={search_term_string}"},"query-input":"required name=search_term_string"}],"inLanguage":"pt-BR"}]}},"_links":{"self":[{"href":"https:\/\/ddwb.com.br\/blog\/wp-json\/wp\/v2\/pages\/9483"}],"collection":[{"href":"https:\/\/ddwb.com.br\/blog\/wp-json\/wp\/v2\/pages"}],"about":[{"href":"https:\/\/ddwb.com.br\/blog\/wp-json\/wp\/v2\/types\/page"}],"author":[{"embeddable":true,"href":"https:\/\/ddwb.com.br\/blog\/wp-json\/wp\/v2\/users\/1"}],"replies":[{"embeddable":true,"href":"https:\/\/ddwb.com.br\/blog\/wp-json\/wp\/v2\/comments?post=9483"}],"version-history":[{"count":39,"href":"https:\/\/ddwb.com.br\/blog\/wp-json\/wp\/v2\/pages\/9483\/revisions"}],"predecessor-version":[{"id":9779,"href":"https:\/\/ddwb.com.br\/blog\/wp-json\/wp\/v2\/pages\/9483\/revisions\/9779"}],"wp:attachment":[{"href":"https:\/\/ddwb.com.br\/blog\/wp-json\/wp\/v2\/media?parent=9483"}],"curies":[{"name":"wp","href":"https:\/\/api.w.org\/{rel}","templated":true}]}}